{"id":72,"date":"2016-04-08T22:53:23","date_gmt":"2016-04-08T20:53:23","guid":{"rendered":"https:\/\/atomi.gymgmunden.at\/?page_id=72"},"modified":"2021-09-23T22:26:23","modified_gmt":"2021-09-23T20:26:23","slug":"wpg","status":"publish","type":"page","link":"https:\/\/atomi.gymgmunden.at\/index.php\/wpg\/","title":{"rendered":"WPG"},"content":{"rendered":"<h3><span style=\"color: #dd9933;\">Wahlpflichtfach Physik<\/span><\/h3>\n<p style=\"text-align: justify;\">Die Dosis an Physik im Standardunterricht ist dir zu klein? Du bekommst keine Angstzust\u00e4nde beim Arbeiten mit Formeln? Mathe betrachtest du als ein n\u00fctzliches Werkzeug und nicht als Feind? Aufbauen von Versuchsanordnungen, Durchf\u00fchren von Messungen und Interpretieren von Messdaten findest du spannend und interessant?\u2026 Ja? Dann scheinst du f\u00fcr die Teilnahme an einem PH-WPG geeignet zu sein\u2026 \ud83d\ude09<\/p>\n<p style=\"text-align: justify;\"><img loading=\"lazy\" decoding=\"async\" class=\"aligncenter wp-image-131 size-full\" src=\"https:\/\/atomi.gymgmunden.at\/wp-content\/uploads\/2016\/04\/FormatFactorywpg.jpg\" alt=\"FormatFactorywpg\" width=\"1024\" height=\"346\" srcset=\"https:\/\/atomi.gymgmunden.at\/wp-content\/uploads\/2016\/04\/FormatFactorywpg.jpg 1024w, https:\/\/atomi.gymgmunden.at\/wp-content\/uploads\/2016\/04\/FormatFactorywpg-300x101.jpg 300w, https:\/\/atomi.gymgmunden.at\/wp-content\/uploads\/2016\/04\/FormatFactorywpg-768x260.jpg 768w\" sizes=\"auto, (max-width: 1024px) 100vw, 1024px\" \/><\/p>\n<ul>\n<li><em>Experimentelle und theoretische Aufgaben:<\/em><br \/>Schwingungen, Beschleunigung, Kr\u00e4fte, Luftwiderstand, Energie, Impuls, Optik\u2026<\/li>\n<li><em>Physik vs. Hollywood<\/em><br \/>Analyse von Filmszenen<\/li>\n<li>\n<div data-canvas-width=\"49.44079999999999\"><em>Fermirechnungen und Absch\u00e4tzungen:<\/em><br \/>Umgang mit gro\u00dfen und kleinen Zahlen, mit Einheiten,\u2026<\/div>\n<\/li>\n<li><em>Physikalische R\u00e4tsel<\/em><\/li>\n<li><em>Vertiefende Auseinandersetzung mit Themen aus dem Standardunterricht<\/em><\/li>\n<li><em>Vorbereitung aufs Hochschulstudium<\/em><\/li>\n<li><em>Physik im Alltag, im Sport,\u2026<\/em><\/li>\n<li><em>Pseudowissenschaften, Esoterik, Fehlvorstellungen<\/em><\/li>\n<li>\u2026<\/li>\n<\/ul>\n<p>\u00dcbrigens, wenn du ein PH-WPG zwei Jahre lang besuchst, kannst du in diesem Fach auch maturieren. Dies gilt nicht, wenn du bereits im Standardfach PH m\u00fcndlich maturierst.<\/p>\n<p>Was bisher geschah&#8230;<\/p>\n<p style=\"padding-left: 40px;\"><a href=\"https:\/\/atomi.gymgmunden.at\/index.php\/category\/wpg-7-8-klassen-2021-2022\/\">WPG 7.+8. Klassen 2021\/2022<\/a><br \/><em>Srdan Bekic, Maria<\/em> <em>Feichtinger<\/em>,<em> Veronika Feichtinger, Alexander Kaltenleithner, Luka Markovic, Jonas N\u00f6hammer, Andrea Schanowsky, Daniel Schaubmair<br \/><\/em><\/p>\n<p style=\"padding-left: 40px;\"><a href=\"https:\/\/atomi.gymgmunden.at\/index.php\/category\/wpg-6-klassen-2020-2021\/\">WPG 6. Klassen 2020\/2021<\/a><br \/><em>Maria<\/em> <em>Feichtinger<\/em>,<em> Veronika Feichtinger, Daniel Schaubmair, Maximilian Weidinger<\/em><\/p>\n<p style=\"padding-left: 40px;\"><a href=\"https:\/\/atomi.gymgmunden.at\/index.php\/category\/wpg-6-klassen-2019-2020\/\">WPG 6. Klassen 2019\/2020<\/a><br \/><em>Simon Ehart, Jan Gro\u00dfhaupt, Alexander Kaltenleithner, Luka Markovic, Jonas N\u00f6hammer<br \/><\/em><\/p>\n<p style=\"padding-left: 40px;\"><a href=\"https:\/\/atomi.gymgmunden.at\/index.php\/category\/wpg-7-8-klassen-2018-2019\/\">WPG 7.+8. Klassen 2018\/2019<\/a><br \/><em>Tina Forstner, Vanessa Treml, Matthias Grafinger, Schobesberger Lukas, G\u00fcnter Seidner, Felix Dobringer, Nicolas Taitl, Florian Traugott, Jelena Bibic, Jovana Zivanovic<\/em><\/p>\n<p style=\"text-align: justify; padding-left: 40px;\"><a href=\"https:\/\/atomi.gymgmunden.at\/index.php\/category\/wpg-7-klassen-20172018\/\">WPG 7. Klassen 2017\/2018<br \/><\/a><em>Andreas Akalovic, Simon Dauser, Francesca Hemetsberger, Lukas H\u00f6ller, Alina Lichtenberg, Nicolas Taitl, Florian Traugott, Leo Weidinger<\/em><\/p>\n<p style=\"padding-left: 40px;\"><a href=\"https:\/\/atomi.gymgmunden.at\/index.php\/category\/wpg-6-klassen-20172018\/\">WPG 6. Klassen 2017\/2018<\/a><br \/><em>Tina Forstner, Vanessa Treml, Matthias Grafinger, Schobesberger Lukas, G\u00fcnter Seidner, Markus F\u00f6ttinger<\/em><\/p>\n<p style=\"text-align: justify; padding-left: 40px;\"><a href=\"https:\/\/atomi.gymgmunden.at\/index.php\/category\/wpg-8-klassen-20162017\/\">WPG 8. Klassen 2016\/2017<\/a><br \/><em>Florian Egger, Martin Krenn, Edda Ley, Bettina Salomon, Georg Dobringer, Tobias Gernert, Josef Moser, Mathias Franner, Tobias Hennerbichler, Benedikt L\u00f6berbauer, Julius Richter, Melanie Steinh\u00e4usler, Max Weidinger, Julian Pr\u00f6tsch<\/em><\/p>\n<p style=\"text-align: justify; padding-left: 40px;\"><a href=\"https:\/\/atomi.gymgmunden.at\/index.php\/category\/wpg-6-klassen-20162017\/\">WPG 6. Klassen 2016\/2017<\/a><br \/><em>Andreas Akaloivc, Simon Dauser, Francesca Hemetsberger, Lukas H\u00f6ller, Alina Lichtenberg, Leo Weidinger, Lea Attwenger<\/em><\/p>\n<p style=\"text-align: justify; padding-left: 40px;\"><a href=\"https:\/\/atomi.gymgmunden.at\/index.php\/category\/wpg-8-klassen-20152016\/\">WPG 8. Klassen 2015\/2016<\/a><br \/><em>Alexander Spreitzer, Andreas Medl, Anna Linortner, Bettina Salomon, Diellza Zymeraj, Dominik Reiter, Felix Pamminger, Florian Egger, Julian Pr\u00f6tsch und Sarah Natschl\u00e4ger<\/em><\/p>\n<p style=\"text-align: justify; padding-left: 40px;\"><a href=\"https:\/\/atomi.gymgmunden.at\/index.php\/category\/wpg-7-klassen-20152016\/\">WPG 7. Klassen 2015\/2016<br \/><\/a><em>Anna Holzinger, Benedikt L\u00f6berbauer, Bernhard Krenmayr, Edda Ley, Francesca Hemetsberger, Josef Moser,\u00a0 Julius Richter, Martin Krenn, Mathias Franner, Melanie Steinh\u00e4usler,\u00a0 Max Weidinger, Tobias Gernert und Tobias Hennerbichler<a href=\"https:\/\/atomi.gymgmunden.at\/index.php\/category\/wpg-7-klassen-20152016\/\"><br \/><\/a><\/em><br \/><a href=\"https:\/\/atomi.gymgmunden.at\/index.php\/2016\/04\/08\/wpg-20142015\/\">WPG 7. Klassen 2014\/2015<br \/><\/a><em>Alexander Spreitzer, Andreas Medl, Birgit Fritz, Diellza Zymeraj, Dominik Reiter, Felix Pamminger, Florian Egger und Sarah Natschl\u00e4ger<\/em><\/p>\n\n\n<p><\/p>\n","protected":false},"excerpt":{"rendered":"<p>Wahlpflichtfach Physik Die Dosis an Physik im Standardunterricht ist dir zu klein? Du bekommst keine Angstzust\u00e4nde beim Arbeiten mit Formeln?<\/p>\n","protected":false},"author":2,"featured_media":0,"parent":0,"menu_order":0,"comment_status":"closed","ping_status":"closed","template":"","meta":{"footnotes":""},"class_list":["post-72","page","type-page","status-publish","hentry"],"_links":{"self":[{"href":"https:\/\/atomi.gymgmunden.at\/index.php\/wp-json\/wp\/v2\/pages\/72","targetHints":{"allow":["GET"]}}],"collection":[{"href":"https:\/\/atomi.gymgmunden.at\/index.php\/wp-json\/wp\/v2\/pages"}],"about":[{"href":"https:\/\/atomi.gymgmunden.at\/index.php\/wp-json\/wp\/v2\/types\/page"}],"author":[{"embeddable":true,"href":"https:\/\/atomi.gymgmunden.at\/index.php\/wp-json\/wp\/v2\/users\/2"}],"replies":[{"embeddable":true,"href":"https:\/\/atomi.gymgmunden.at\/index.php\/wp-json\/wp\/v2\/comments?post=72"}],"version-history":[{"count":29,"href":"https:\/\/atomi.gymgmunden.at\/index.php\/wp-json\/wp\/v2\/pages\/72\/revisions"}],"predecessor-version":[{"id":5593,"href":"https:\/\/atomi.gymgmunden.at\/index.php\/wp-json\/wp\/v2\/pages\/72\/revisions\/5593"}],"wp:attachment":[{"href":"https:\/\/atomi.gymgmunden.at\/index.php\/wp-json\/wp\/v2\/media?parent=72"}],"curies":[{"name":"wp","href":"https:\/\/api.w.org\/{rel}","templated":true}]}}