{"id":437,"date":"2016-04-09T13:15:19","date_gmt":"2016-04-09T11:15:19","guid":{"rendered":"https:\/\/atomi.gymgmunden.at\/?page_id=437"},"modified":"2019-05-30T10:45:10","modified_gmt":"2019-05-30T08:45:10","slug":"vwa","status":"publish","type":"page","link":"https:\/\/atomi.gymgmunden.at\/index.php\/vwa\/","title":{"rendered":"VWA"},"content":{"rendered":"<h3><span style=\"color: #dd9933;\">Vorwissenschaftliche Arbeit<\/span><\/h3>\n<p>Abgeschlossene vorwissenschaftliche Arbeiten mit einem physikalischen Schwerpunkt:<\/p>\n<div style=\"font-size: 70%;\">\n<p>&#8211; Die Amateursternwarte Gmunden &#8211; Eine Reise durch den Nachthimmel \u00fcber \u00d6sterreich (Franziska \u00d6hlinger, 2019; KOM)<br \/>&#8211; Kolonialisierung des Planeten Mars (Lukas H\u00f6ller, 2019; KOM)<br \/>&#8211; Historische Entwicklung der Luftfahrtsicherheit (Simon Dauser, 2019; KRS)<br \/>&#8211; Schwarze L\u00f6cher sind nicht b\u00f6se! (Andreas Akalovic, 2019; KOM) &#8230; Hans-Riegel-Trostpreis \ud83d\ude42<br \/>&#8211; Vergangenheit, Gegenwart und Zukunft unseres Universums (Manuel Radner, 2018; KOM)<br \/>&#8211; Praktische Anwendung der Quantenverschr\u00e4nkung in der Zukunft (Benjamin Ackerl, 2018; KOM)<br \/>&#8211; Wetterf\u00fchligkeit &#8211; Was an diesem Ph\u00e4nomen wirklich dran ist (Pauline Stockhammer, 2018; KOM) &#8230; <a href=\"https:\/\/www.jku.at\/schule\/dr-hans-riegel-fachpreise\/\">Ausgezeichnet mit dem Hans-Riegel-Fachpreis<\/a> (3. Platz)<br \/>&#8211; Moderne Antriebstechniken f\u00fcr Personenkraftfahrzeuge (Simon Garstenauer, 2018; ABE)<br \/>&#8211; Der Einfluss von Treibhausgasen auf die m\u00f6gliche globale Klimaerw\u00e4rmung (Moritz Polixmair, 2018; ABE)<br \/>&#8211; Die Suche nach Exoplaneten (Tobias Hennerbichler, 2017; KOM)<br \/>&#8211; Teilchenbeschleuniger vs. Krebs (Julian Pr\u00f6tsch, 2017; KOM) &#8230; <a href=\"http:\/\/www.jku.at\/content\/e262\/e228336\/e264195\/e307626\">Ausgezeichnet mit dem Hans-Riegel-Fachpreis<\/a> (1. Platz)<br \/>&#8211; Physikalische Analyse ausgew\u00e4hlter Basketball-Spieltechniken (Alexander Spreitzer, 2017; KOM)<br \/>&#8211; Optik &#8222;in action&#8220; (Bernhard Krenmayr, 2017; KOM)<br \/>&#8211; Die seltsame Welt der Neutrinos (Tobias Gernert, 2017; KOM)<br \/>&#8211; Oberfl\u00e4chenanalytik mit Hilfe von Ionen-Streu-Spektroskopie (Florian Engl, 2017; ABE)<br \/>&#8211; Alternative Methoden zur Energiegewinnung aus Abw\u00e4rme (Georg Dobringer, 2017; ABE)<br \/>&#8211; Vektoren in der Physik (Martin Krenn, 2017; KOM)<br \/>&#8211; Flugzeugtechnik im Vergleich: Gebr\u00fcder Wright vs. Heute (Bernd Colli, 2016; ABE)<br \/>&#8211; So viel Physik steckt wirklich hinter der Fernsehserie &#8222;The Big Bang Theory&#8220; (Valerie Wittchen, 2016; ABE)<br \/>&#8211; Magnetresonanz- und Computertomografie aus der Sicht der Patienten (Hannah N\u00f6stlinger, 2016; KOM)<br \/>&#8211; Fehlvorstellungen und Mythen vs. Physik (Diellza Zymeraj, 2016; KOM)<br \/>&#8211; Abl\u00e4ufe der Kernfusion am Beispiel Sonne und als M\u00f6glichkeit der Energiegewinnung der Zukunft (Jakob Mayrdorfer, 2016; ABE)<br \/>&#8211; Gravitation und ihre Wellen (Moritz Humer, 2014; KOM) \u2026 <a href=\"http:\/\/www.gymgmunden.at\/wp\/?page_id=6491\">Ausgezeichnet mit dem Hans-Riegel-Fachpreis<\/a> (2. Platz)<\/p>\n<\/div>\n<p>\u00a0<\/p>\n<div style=\"font-size: 70%;\">\u00a0<\/div>\n\n\n<p><\/p>\n","protected":false},"excerpt":{"rendered":"<p>Vorwissenschaftliche Arbeit Abgeschlossene vorwissenschaftliche Arbeiten mit einem physikalischen Schwerpunkt: &#8211; Die Amateursternwarte Gmunden &#8211; Eine Reise durch den Nachthimmel \u00fcber<\/p>\n","protected":false},"author":2,"featured_media":0,"parent":0,"menu_order":0,"comment_status":"closed","ping_status":"closed","template":"","meta":{"footnotes":""},"class_list":["post-437","page","type-page","status-publish","hentry"],"_links":{"self":[{"href":"https:\/\/atomi.gymgmunden.at\/index.php\/wp-json\/wp\/v2\/pages\/437","targetHints":{"allow":["GET"]}}],"collection":[{"href":"https:\/\/atomi.gymgmunden.at\/index.php\/wp-json\/wp\/v2\/pages"}],"about":[{"href":"https:\/\/atomi.gymgmunden.at\/index.php\/wp-json\/wp\/v2\/types\/page"}],"author":[{"embeddable":true,"href":"https:\/\/atomi.gymgmunden.at\/index.php\/wp-json\/wp\/v2\/users\/2"}],"replies":[{"embeddable":true,"href":"https:\/\/atomi.gymgmunden.at\/index.php\/wp-json\/wp\/v2\/comments?post=437"}],"version-history":[{"count":13,"href":"https:\/\/atomi.gymgmunden.at\/index.php\/wp-json\/wp\/v2\/pages\/437\/revisions"}],"predecessor-version":[{"id":5044,"href":"https:\/\/atomi.gymgmunden.at\/index.php\/wp-json\/wp\/v2\/pages\/437\/revisions\/5044"}],"wp:attachment":[{"href":"https:\/\/atomi.gymgmunden.at\/index.php\/wp-json\/wp\/v2\/media?parent=437"}],"curies":[{"name":"wp","href":"https:\/\/api.w.org\/{rel}","templated":true}]}}