{"id":433,"date":"2016-04-09T12:09:26","date_gmt":"2016-04-09T10:09:26","guid":{"rendered":"https:\/\/atomi.gymgmunden.at\/?page_id=433"},"modified":"2020-02-03T20:01:17","modified_gmt":"2020-02-03T19:01:17","slug":"tdot","status":"publish","type":"page","link":"https:\/\/atomi.gymgmunden.at\/index.php\/tdot\/","title":{"rendered":"TdoT"},"content":{"rendered":"<h3 style=\"text-align: justify;\"><span style=\"color: #dd9933;\">Tag der offenen T\u00fcr<\/span><\/h3>\n<p style=\"text-align: justify;\"><img loading=\"lazy\" decoding=\"async\" class=\"aligncenter wp-image-749 size-full\" src=\"https:\/\/atomi.gymgmunden.at\/wp-content\/uploads\/2016\/04\/tdot2.jpg\" alt=\"tdot2\" width=\"3784\" height=\"1189\" srcset=\"https:\/\/atomi.gymgmunden.at\/wp-content\/uploads\/2016\/04\/tdot2.jpg 1024w, https:\/\/atomi.gymgmunden.at\/wp-content\/uploads\/2016\/04\/tdot2-300x94.jpg 300w, https:\/\/atomi.gymgmunden.at\/wp-content\/uploads\/2016\/04\/tdot2-768x241.jpg 768w, https:\/\/atomi.gymgmunden.at\/wp-content\/uploads\/2016\/04\/tdot2-1200x377.jpg 1200w\" sizes=\"auto, (max-width: 3784px) 100vw, 3784px\" \/><\/p>\n<p style=\"text-align: justify;\"><img loading=\"lazy\" decoding=\"async\" class=\"aligncenter wp-image-921 size-full\" src=\"https:\/\/atomi.gymgmunden.at\/wp-content\/uploads\/2016\/04\/FormatFactorytdot6b.jpg\" alt=\"FormatFactorytdot6b\" width=\"1024\" height=\"551\" srcset=\"https:\/\/atomi.gymgmunden.at\/wp-content\/uploads\/2016\/04\/FormatFactorytdot6b.jpg 1024w, https:\/\/atomi.gymgmunden.at\/wp-content\/uploads\/2016\/04\/FormatFactorytdot6b-300x161.jpg 300w, https:\/\/atomi.gymgmunden.at\/wp-content\/uploads\/2016\/04\/FormatFactorytdot6b-768x413.jpg 768w\" sizes=\"auto, (max-width: 1024px) 100vw, 1024px\" \/><\/p>\n<p style=\"text-align: justify;\">Jedes Jahr veranstaltet unsere Schule einen Tag der offenen T\u00fcr. Hier ein paar Eindr\u00fccke davon, was an diesen Tagen im Physiksaal los war.<\/p>\n<p style=\"text-align: justify;\"><a href=\"https:\/\/atomi.gymgmunden.at\/index.php\/2020\/02\/03\/tdot-2020\/\">TdoT 2020<\/a><br \/>\nMarlene Pichler, Johanna Moser, Marie Treml, Valentina Ortolan, Richard Schmid, Felix Dobringer, Matthias Grafinger, Felix Kainz, Jana Vichtbauer, Marie Preysing, Katharina Hauke, Tina Forstner, Leonie St\u00fcger, Lukas Hauer, G\u00fcnter Seidner<\/p>\n<p style=\"text-align: justify;\"><a href=\"https:\/\/atomi.gymgmunden.at\/index.php\/2019\/01\/20\/tdot-2019\/\">TdoT 2019<\/a><br \/>\nRichard Schmid, Tina Forstner, Lukas Hauer, G\u00fcnter Seidner, Tobias Hauke, Rahel Minichmayr, Andrej Nikolic, Marie F\u00fcrtbauer, Clara Kremser, Jacqueline Sch\u00f6nberger, Nicolas Taitl, Sophie Thallinger<\/p>\n<p style=\"text-align: justify;\"><a href=\"https:\/\/atomi.gymgmunden.at\/index.php\/2018\/01\/19\/tdot-2018\/\">TdoT 2018<\/a><br \/>\nMiriam Burgstaller, Julia Dannbauer, Tina Forstner, Matthias Grafinger, Jakob Hauer, Raffael Pesendorfer, G\u00fcnter Seidner, Francesca Hemetsberger, Linda Kaiser, Franziska \u00d6hlinger, Jacqueline Sch\u00f6nberger, Lilli Socher, Lisa Hufnagl, Adam Mittermayr, Angelika Plasser, Anna Rosenkranz, Simeon Ryckembusch, Felix Berent, Manuel Radner, Valerie Schmid, Selina Windischhofer<\/p>\n<p style=\"text-align: justify;\"><a href=\"https:\/\/atomi.gymgmunden.at\/index.php\/2017\/01\/22\/tdot-2017\/\">TdoT 2017<\/a><br \/>\nAndreas Akalovic, Simon Dauser, Marie F\u00fcrtbauer, Ramona Gierling, Francesca Hemtesberger, Linda Kaiser, Sophie Kofler, Alina Lichtenberg, Franziska \u00d6hlinger, Alexandra Raffelsberger, Jacqueline Sch\u00f6nberger, Sophie Thallinger, Leo Weidinger<\/p>\n<p style=\"text-align: justify;\"><a href=\"https:\/\/atomi.gymgmunden.at\/index.php\/2016\/04\/08\/tdot-2016\/\">TdoT 2016<br \/>\n<\/a>Daniela Plasser, Anna-Lena Scharre, Roman Schilcher, J\u00fcrgen Bruckm\u00fcller, Almedin Rekic, Pauline Stockhammer, Michaela Schmolm\u00fcller, Adam Mittermayr, Martin Krenn, Karolin Detamble, Edda Ley, Johanna Reingruber, Florian Egger, Bettina Salomon, Thomas Putz, Felix Pamminger, Miriam Kollegger, Dominik Reiter, Sarah Natschl\u00e4ger, Anna Linortner<\/p>\n<p style=\"text-align: justify;\"><a href=\"https:\/\/atomi.gymgmunden.at\/index.php\/2016\/04\/08\/tdot-2014\/\">TdoT 2014<\/a><br \/>\nJulian Maxwald, Adnan Camdzija, Nikolina Batarilovic, Anna-Lena Scharre, Marcel Raffelsberger, Michael Gillesberger, Alexandra H\u00f6ller, Lena Mittendorfer, Markus Pachinger, Carla Lorenz, Hannah N\u00f6stlinger, Eva Auzinger, Miriam Kollegger, Lukas Krenmayr, Florian Derflinger, Julia Hennerbichler, Jennifer Schwander, Angelina Dumfart, Nina Rastinger, Michael Brunner, Christian Jin, Moritz Degn, Elias Singer<\/p>\n","protected":false},"excerpt":{"rendered":"<p>Tag der offenen T\u00fcr Jedes Jahr veranstaltet unsere Schule einen Tag der offenen T\u00fcr. Hier ein paar Eindr\u00fccke davon, was<\/p>\n","protected":false},"author":2,"featured_media":0,"parent":0,"menu_order":0,"comment_status":"closed","ping_status":"closed","template":"","meta":{"footnotes":""},"class_list":["post-433","page","type-page","status-publish","hentry"],"_links":{"self":[{"href":"https:\/\/atomi.gymgmunden.at\/index.php\/wp-json\/wp\/v2\/pages\/433","targetHints":{"allow":["GET"]}}],"collection":[{"href":"https:\/\/atomi.gymgmunden.at\/index.php\/wp-json\/wp\/v2\/pages"}],"about":[{"href":"https:\/\/atomi.gymgmunden.at\/index.php\/wp-json\/wp\/v2\/types\/page"}],"author":[{"embeddable":true,"href":"https:\/\/atomi.gymgmunden.at\/index.php\/wp-json\/wp\/v2\/users\/2"}],"replies":[{"embeddable":true,"href":"https:\/\/atomi.gymgmunden.at\/index.php\/wp-json\/wp\/v2\/comments?post=433"}],"version-history":[{"count":21,"href":"https:\/\/atomi.gymgmunden.at\/index.php\/wp-json\/wp\/v2\/pages\/433\/revisions"}],"predecessor-version":[{"id":5352,"href":"https:\/\/atomi.gymgmunden.at\/index.php\/wp-json\/wp\/v2\/pages\/433\/revisions\/5352"}],"wp:attachment":[{"href":"https:\/\/atomi.gymgmunden.at\/index.php\/wp-json\/wp\/v2\/media?parent=433"}],"curies":[{"name":"wp","href":"https:\/\/api.w.org\/{rel}","templated":true}]}}